{"id":9630,"date":"2021-06-07T09:06:03","date_gmt":"2021-06-07T07:06:03","guid":{"rendered":"https:\/\/awi-anlagestiftung.ch\/publikationen\/"},"modified":"2024-03-24T18:43:24","modified_gmt":"2024-03-24T17:43:24","slug":"publikationen","status":"publish","type":"page","link":"https:\/\/awi-anlagestiftung.ch\/fr\/publikationen\/","title":{"rendered":"Publications"},"content":{"rendered":"\n<div style=\"height:39px\" aria-hidden=\"true\" class=\"wp-block-spacer\"><\/div>\n\n\n\n<h1 class=\"has-text-align-center\">Nos Publications<\/h1>\n\n\n\n<div style=\"height:54px\" aria-hidden=\"true\" class=\"wp-block-spacer\"><\/div>\n\n\n\n<hr class=\"wp-block-separator\"\/>\n\n\n\n<p><\/p>\n\n\n\n<h3 class=\"has-text-align-left has-luminous-vivid-orange-color has-text-color\">T\u00e9l\u00e9charger l&rsquo;entretien:<\/h3>\n\n\n\n<p><\/p>\n\n\n\n<div class=\"wp-container-1 wp-block-group\"><div class=\"wp-block-group__inner-container\"><div class=\"downloads \">\n  <div class=\"downloads__items\">\n          <div class=\"downloads__item\">\n        <a href=\"https:\/\/awi-anlagestiftung.ch\/wp-content\/uploads\/FWI_ILS_Entretien_18-02-21-1.pdf\" class=\"download\" target=\"_blank\">\n          <img src=\"\/wp-content\/themes\/awi\/src\/img\/download-pdf.svg\" class=\"download__icon\" alt=\"\" \/>\n          <div class=\"download__content\">\n            <div class=\"download__main\">\n              <div class=\"download__title\"><span class=\"download__title__text\">FWI Insurance Linked Strategies<\/span><img src=\"\/wp-content\/themes\/awi\/src\/img\/download-arrow.svg\" alt=\"\" class=\"download__arrow\" \/><\/div>\n            <\/div>\n            <div class=\"download__size\">0.3 MB<\/div>\n          <\/div>\n        <\/a>\n      <\/div>\n          <div class=\"downloads__item\">\n        <a href=\"https:\/\/awi-anlagestiftung.ch\/wp-content\/uploads\/FWI_Actions-Suisse-SMC_Entretien_14-06-21.pdf\" class=\"download\" target=\"_blank\">\n          <img src=\"\/wp-content\/themes\/awi\/src\/img\/download-pdf.svg\" class=\"download__icon\" alt=\"\" \/>\n          <div class=\"download__content\">\n            <div class=\"download__main\">\n              <div class=\"download__title\"><span class=\"download__title__text\">FWI Actions Suisse SMC<\/span><img src=\"\/wp-content\/themes\/awi\/src\/img\/download-arrow.svg\" alt=\"\" class=\"download__arrow\" \/><\/div>\n            <\/div>\n            <div class=\"download__size\">0.22 MB<\/div>\n          <\/div>\n        <\/a>\n      <\/div>\n          <div class=\"downloads__item\">\n        <a href=\"https:\/\/awi-anlagestiftung.ch\/wp-content\/uploads\/FWI_KMU_Entretien_13-10-22.pdf\" class=\"download\" target=\"_blank\">\n          <img src=\"\/wp-content\/themes\/awi\/src\/img\/download-pdf.svg\" class=\"download__icon\" alt=\"\" \/>\n          <div class=\"download__content\">\n            <div class=\"download__main\">\n              <div class=\"download__title\"><span class=\"download__title__text\">FWI Pr\u00eats aux PME CHF<\/span><img src=\"\/wp-content\/themes\/awi\/src\/img\/download-arrow.svg\" alt=\"\" class=\"download__arrow\" \/><\/div>\n            <\/div>\n            <div class=\"download__size\">0.23 MB<\/div>\n          <\/div>\n        <\/a>\n      <\/div>\n      <\/div>\n<\/div>\n<\/div><\/div>\n\n\n\n<div style=\"height:50px\" aria-hidden=\"true\" class=\"wp-block-spacer\"><\/div>\n\n\n\n<h3 class=\"has-text-align-left has-luminous-vivid-orange-color has-text-color\"><strong>AWI Core Plus Infrastructure<\/strong><\/h3>\n\n\n\n<figure class=\"wp-block-video\"><video controls poster=\"https:\/\/awi-anlagestiftung.ch\/wp-content\/uploads\/awi_neuberger_berman_fr.png\" src=\"https:\/\/awi-anlagestiftung.ch\/wp-content\/uploads\/awi_neuberger_berman_fr.mp4\"><\/video><\/figure>\n\n\n\n<hr class=\"wp-block-separator\"\/>\n\n\n\n<div style=\"height:40px\" aria-hidden=\"true\" class=\"wp-block-spacer\"><\/div>\n\n\n<div class=\"media alignwide2 \">\n  <div class=\"media__content\">\n    <div class=\"media__media\" data-aos=\"fade-right\">\n      <img loading=\"lazy\" src=\"https:\/\/awi-anlagestiftung.ch\/wp-content\/uploads\/zuppiger_michael_q1-514x342-c-default.jpg\" alt=\"\" class=\"media__image\" width=\"514\" height=\"342\" \/>\n    <\/div>\n    <div class=\"media__main\" data-aos=\"fade-left\">\n      <h2 class=\"media__title\">Michael Zuppiger, CAIA<\/h2>\n      <div class=\"media__text\"><p class=\"p1\"><span class=\"s1\"><strong>Directeur, Responsable march\u00e9 <\/strong><br \/>\n<\/span>Economiste bancaire dipl\u00f4m\u00e9 ES<br \/>\nDipl\u00f4me f\u00e9d\u00e9ral de G\u00e9rant de Caisse de pensions<\/p>\n<p class=\"p1\"><span class=\"s1\">+41 (0)52 202 01 71<br \/>\n<\/span><a href=\"mailto:michael.zuppiger@fwi-fondation.ch\"><span class=\"s1\">E-Mail <\/span><\/a><\/p>\n<\/div>\n    <\/div>\n  <\/div>\n<\/div>\n","protected":false},"excerpt":{"rendered":"<p>Nos Publications T\u00e9l\u00e9charger l&rsquo;entretien: AWI Core Plus Infrastructure<\/p>\n","protected":false},"author":3,"featured_media":0,"parent":0,"menu_order":0,"comment_status":"closed","ping_status":"closed","template":"","meta":{"inline_featured_image":false},"acf":[],"_links":{"self":[{"href":"https:\/\/awi-anlagestiftung.ch\/fr\/wp-json\/wp\/v2\/pages\/9630"}],"collection":[{"href":"https:\/\/awi-anlagestiftung.ch\/fr\/wp-json\/wp\/v2\/pages"}],"about":[{"href":"https:\/\/awi-anlagestiftung.ch\/fr\/wp-json\/wp\/v2\/types\/page"}],"author":[{"embeddable":true,"href":"https:\/\/awi-anlagestiftung.ch\/fr\/wp-json\/wp\/v2\/users\/3"}],"replies":[{"embeddable":true,"href":"https:\/\/awi-anlagestiftung.ch\/fr\/wp-json\/wp\/v2\/comments?post=9630"}],"version-history":[{"count":6,"href":"https:\/\/awi-anlagestiftung.ch\/fr\/wp-json\/wp\/v2\/pages\/9630\/revisions"}],"predecessor-version":[{"id":21093,"href":"https:\/\/awi-anlagestiftung.ch\/fr\/wp-json\/wp\/v2\/pages\/9630\/revisions\/21093"}],"wp:attachment":[{"href":"https:\/\/awi-anlagestiftung.ch\/fr\/wp-json\/wp\/v2\/media?parent=9630"}],"curies":[{"name":"wp","href":"https:\/\/api.w.org\/{rel}","templated":true}]}}