{"id":8258,"date":"2021-02-17T10:19:52","date_gmt":"2021-02-17T09:19:52","guid":{"rendered":"https:\/\/awi-anlagestiftung.ch\/interview\/"},"modified":"2021-02-18T10:55:30","modified_gmt":"2021-02-18T09:55:30","slug":"interview","status":"publish","type":"page","link":"https:\/\/awi-anlagestiftung.ch\/fr\/interview\/","title":{"rendered":"Interview"},"content":{"rendered":"\n<div class=\"wp-block-image\"><figure class=\"aligncenter size-large is-resized\"><img loading=\"lazy\" src=\"https:\/\/awi-anlagestiftung.ch\/wp-content\/uploads\/FWI_ILS-Badge_5Annees.png\" alt=\"\" class=\"wp-image-8265\" width=\"190\" height=\"140\" srcset=\"https:\/\/awi-anlagestiftung.ch\/wp-content\/uploads\/FWI_ILS-Badge_5Annees.png 481w, https:\/\/awi-anlagestiftung.ch\/wp-content\/uploads\/FWI_ILS-Badge_5Annees-300x221.png 300w\" sizes=\"(max-width: 190px) 100vw, 190px\" \/><\/figure><\/div>\n\n\n\n<div style=\"height:39px\" aria-hidden=\"true\" class=\"wp-block-spacer\"><\/div>\n\n\n\n<h1 class=\"has-text-align-center\">FWI Insurance Linked Strategies f\u00eate ses cinq ans! <\/h1>\n\n\n\n<p style=\"text-align:center\">Depuis le d\u00e9but de leur collaboration en d\u00e9cembre 2015, la Fondation Winterthur pour le placement des capitaux d\u2019institutions de pr\u00e9voyance (FWI) et Schroder Investment Management (Switzerland) AG proposent ensemble des Insurance-Linked Securities (ILS) pour optimiser le portefeuille des caisses de pension. C\u2019est l\u2019occasion de poser quelques questions \u00e0 Daniel Ineichen, responsable de l\u2019\u00e9quipe de gestion de portefeuilles ILS chez Schroder Secquaero, \u00e0 Christian Bleitzhofer, gestionnaire de portefeuille ILS Schroder Secquaero et \u00e0 Michael Zuppiger, directeur de la FWI, \u00e0 propos de l\u2019attractivit\u00e9 et de la performance de cette cat\u00e9gorie de placement dans un contexte de march\u00e9 actuellement agit\u00e9. <\/p>\n\n\n\n<div style=\"height:54px\" aria-hidden=\"true\" class=\"wp-block-spacer\"><\/div>\n\n\n\n<hr class=\"wp-block-separator\"\/>\n\n\n\n<p><\/p>\n\n\n\n<h3 class=\"has-luminous-vivid-orange-color has-text-align-left\">Lisez notre interview \u00e0 ce sujet: <\/h3>\n\n\n\n<p><\/p>\n\n\n<div class=\"downloads \">\n  <div class=\"downloads__items\">\n          <div class=\"downloads__item\">\n        <a href=\"https:\/\/awi-anlagestiftung.ch\/wp-content\/uploads\/FWI_ILS_Entretien_18-02-21.pdf\" class=\"download\" target=\"_blank\">\n          <img src=\"\/wp-content\/themes\/awi\/src\/img\/download-pdf.svg\" class=\"download__icon\" alt=\"\" \/>\n          <div class=\"download__content\">\n            <div class=\"download__main\">\n              <div class=\"download__title\"><span class=\"download__title__text\">FWI ILS Entretien<\/span><img src=\"\/wp-content\/themes\/awi\/src\/img\/download-arrow.svg\" alt=\"\" class=\"download__arrow\" \/><\/div>\n            <\/div>\n            <div class=\"download__size\">0.28 MB<\/div>\n          <\/div>\n        <\/a>\n      <\/div>\n      <\/div>\n<\/div>\n\n\n\n<p><\/p>\n","protected":false},"excerpt":{"rendered":"<p>FWI Insurance Linked Strategies f\u00eate ses cinq ans! Depuis le d\u00e9but de leur collaboration en d\u00e9cembre 2015, la Fondation Winterthur pour le placement des capitaux d\u2019institutions de pr\u00e9voyance (FWI) et Schroder Investment Management (Switzerland) AG proposent ensemble des Insurance-Linked Securities (ILS) pour optimiser le portefeuille des caisses de pension. C\u2019est l\u2019occasion de poser quelques questions [&hellip;]<\/p>\n","protected":false},"author":3,"featured_media":0,"parent":0,"menu_order":0,"comment_status":"closed","ping_status":"closed","template":"","meta":{"inline_featured_image":false},"acf":[],"_links":{"self":[{"href":"https:\/\/awi-anlagestiftung.ch\/fr\/wp-json\/wp\/v2\/pages\/8258"}],"collection":[{"href":"https:\/\/awi-anlagestiftung.ch\/fr\/wp-json\/wp\/v2\/pages"}],"about":[{"href":"https:\/\/awi-anlagestiftung.ch\/fr\/wp-json\/wp\/v2\/types\/page"}],"author":[{"embeddable":true,"href":"https:\/\/awi-anlagestiftung.ch\/fr\/wp-json\/wp\/v2\/users\/3"}],"replies":[{"embeddable":true,"href":"https:\/\/awi-anlagestiftung.ch\/fr\/wp-json\/wp\/v2\/comments?post=8258"}],"version-history":[{"count":6,"href":"https:\/\/awi-anlagestiftung.ch\/fr\/wp-json\/wp\/v2\/pages\/8258\/revisions"}],"predecessor-version":[{"id":8306,"href":"https:\/\/awi-anlagestiftung.ch\/fr\/wp-json\/wp\/v2\/pages\/8258\/revisions\/8306"}],"wp:attachment":[{"href":"https:\/\/awi-anlagestiftung.ch\/fr\/wp-json\/wp\/v2\/media?parent=8258"}],"curies":[{"name":"wp","href":"https:\/\/api.w.org\/{rel}","templated":true}]}}