{"id":683,"date":"2019-06-10T13:46:03","date_gmt":"2019-06-10T11:46:03","guid":{"rendered":"https:\/\/awi.cyon.site\/stiftungsrat\/"},"modified":"2024-05-22T15:19:52","modified_gmt":"2024-05-22T13:19:52","slug":"stiftungsrat","status":"publish","type":"page","link":"https:\/\/awi-anlagestiftung.ch\/fr\/stiftungsrat\/","title":{"rendered":"Conseil de fondation"},"content":{"rendered":"\n<h1 class=\"has-text-align-center\">Conseil de fondation<\/h1>\n\n\n\n<p class=\"has-text-align-center\" style=\"font-size:18px\">Le Conseil de fondation est compos\u00e9 d&rsquo;au moins trois membres. Les personnes morales ne sont pas \u00e9ligibles au Conseil de fondation. Le mandat de membre du Conseil de fondation est de trois ans; il est renouvelable. Les membres du Conseil de fondation sont \u00e9lus par l&rsquo;assembl\u00e9e des investisseurs.<\/p>\n\n\n\n<p class=\"has-text-align-center\" style=\"font-size:18px\"> L&rsquo;ind\u00e9pendance du Conseil de fondation et de ses comit\u00e9s, qui  caract\u00e9rise la gouvernance d&rsquo;enterprise de la FWI, garantit l&rsquo;absence de  conflits d&rsquo;int\u00e9r\u00eats. <\/p>\n\n\n\n<div style=\"height:60px\" aria-hidden=\"true\" class=\"wp-block-spacer\"><\/div>\n\n\n\n<h2 class=\"text--center\"><strong>Les membres:<\/strong><\/h2>\n\n\n\n<figure class=\"wp-block-table\"><table><tbody><tr><td><strong>Roland Hohler<\/strong><\/td><td>Directeur Asset Management du Groupe Ammann<\/td><\/tr><tr><td><strong>Kurt Ledermann<\/strong><\/td><td>CFO Glas Tr\u00f6sch Holding SA Buochs<\/td><\/tr><tr><td><strong>Philipp Aegerter<\/strong><\/td><td>Directeur G\u00e9n\u00e9ral Caisse de pension de la Soci\u00e9t\u00e9 suisse de Pharmacie<\/td><\/tr><tr><td><strong>Daniel Schnyder<\/strong><\/td><td>Directeur Portfolio Management de la Caisse de pension Georg Fischer<\/td><\/tr><tr><td><strong>Reto Schenk<\/strong><\/td><td>Responsable Finances \/ RH et Directeur de la CP Camion Transport SA<\/td><\/tr><\/tbody><\/table><\/figure>\n\n\n\n<div style=\"height:160px\" aria-hidden=\"true\" class=\"wp-block-spacer\"><\/div>\n\n\n<div class=\"info alignwide2\" data-aos=\"fade-up\">\n  <div class=\"info__main\">\n    <div class=\"info__text\">\n      <p class=\"p1\"><span class=\"s1\">Depuis 1984, votre partenaire pour des solutions <strong>de placement\u00a0transparents<\/strong> dans un monde complexe!<br \/>\n<\/span><\/p>\n\n    <\/div>\n      <\/div>\n<\/div>\n","protected":false},"excerpt":{"rendered":"<p>Conseil de fondation Le Conseil de fondation est compos\u00e9 d&rsquo;au moins trois membres. Les personnes morales ne sont pas \u00e9ligibles au Conseil de fondation. Le mandat de membre du Conseil de fondation est de trois ans; il est renouvelable. Les membres du Conseil de fondation sont \u00e9lus par l&rsquo;assembl\u00e9e des investisseurs. L&rsquo;ind\u00e9pendance du Conseil de [&hellip;]<\/p>\n","protected":false},"author":1,"featured_media":0,"parent":0,"menu_order":0,"comment_status":"closed","ping_status":"closed","template":"","meta":{"inline_featured_image":false},"acf":[],"_links":{"self":[{"href":"https:\/\/awi-anlagestiftung.ch\/fr\/wp-json\/wp\/v2\/pages\/683"}],"collection":[{"href":"https:\/\/awi-anlagestiftung.ch\/fr\/wp-json\/wp\/v2\/pages"}],"about":[{"href":"https:\/\/awi-anlagestiftung.ch\/fr\/wp-json\/wp\/v2\/types\/page"}],"author":[{"embeddable":true,"href":"https:\/\/awi-anlagestiftung.ch\/fr\/wp-json\/wp\/v2\/users\/1"}],"replies":[{"embeddable":true,"href":"https:\/\/awi-anlagestiftung.ch\/fr\/wp-json\/wp\/v2\/comments?post=683"}],"version-history":[{"count":19,"href":"https:\/\/awi-anlagestiftung.ch\/fr\/wp-json\/wp\/v2\/pages\/683\/revisions"}],"predecessor-version":[{"id":26663,"href":"https:\/\/awi-anlagestiftung.ch\/fr\/wp-json\/wp\/v2\/pages\/683\/revisions\/26663"}],"wp:attachment":[{"href":"https:\/\/awi-anlagestiftung.ch\/fr\/wp-json\/wp\/v2\/media?parent=683"}],"curies":[{"name":"wp","href":"https:\/\/api.w.org\/{rel}","templated":true}]}}