{"id":272,"date":"2019-06-10T13:46:56","date_gmt":"2019-06-10T11:46:56","guid":{"rendered":"http:\/\/awi-anlagestiftung.test\/?page_id=272"},"modified":"2025-09-06T13:23:22","modified_gmt":"2025-09-06T11:23:22","slug":"demande-de-transaction","status":"publish","type":"page","link":"https:\/\/awi-anlagestiftung.ch\/fr\/demande-de-transaction\/","title":{"rendered":"Demande de transaction"},"content":{"rendered":"\n<h1 class=\"has-text-align-left\">Demande de transaction<\/h1>\n\n\n\n<p><strong>Un seul formulaire, pour tous les groupes de placement de la FWI<\/strong><\/p>\n\n\n\n<p class=\"has-small-font-size\">La Fondation Winterthur pour le placement des capitaux d\u2019institutions de pr\u00e9voyance (FWI) d\u00e9cline toute responsabilit\u00e9 en cas de pertes ou de dommages, qu\u2019il s\u2019agisse de dommages directs, indirects ou cons\u00e9cutifs, r\u00e9sultant d\u2019une transmission erron\u00e9e du bulletin de souscription\/rachat. Sur demande, nous vous confirmons volontiers la r\u00e9ception de votre bulletin de souscription\/rachat pour la transaction correspondante (t\u00e9l\u00e9phone +41 (0)52 202 02 30 ou e-mail \u00e0 <a href=\"mailto:tradingdesk@fwi-fondation.ch\" target=\"_blank\" rel=\"noreferrer noopener\" aria-label=\"tradingdesk@fwi-fondation.ch (\u00f6ffnet in neuem Tab)\">tradingdesk@fwi-fondation.ch<\/a>)<\/p>\n\n\n\n<div style=\"height:80px\" aria-hidden=\"true\" class=\"wp-block-spacer\"><\/div>\n\n\n\n<h2>Download<\/h2>\n\n\n<div class=\"downloads \">\n  <div class=\"downloads__items\">\n          <div class=\"downloads__item\">\n        <a href=\"https:\/\/awi-anlagestiftung.ch\/wp-content\/uploads\/FWI_Demande-de-transaction_25-09-05.pdf\" class=\"download\" target=\"_blank\">\n          <img src=\"\/wp-content\/themes\/awi\/src\/img\/download-pdf.svg\" class=\"download__icon\" alt=\"\" \/>\n          <div class=\"download__content\">\n            <div class=\"download__main\">\n              <div class=\"download__title\"><span class=\"download__title__text\">Demande de transaction<\/span><img src=\"\/wp-content\/themes\/awi\/src\/img\/download-arrow.svg\" alt=\"\" class=\"download__arrow\" \/><\/div>\n            <\/div>\n            <div class=\"download__size\">0.08 MB<\/div>\n          <\/div>\n        <\/a>\n      <\/div>\n      <\/div>\n<\/div>\n\n\n\n<p><\/p>\n","protected":false},"excerpt":{"rendered":"<p>Demande de transaction Un seul formulaire, pour tous les groupes de placement de la FWI La Fondation Winterthur pour le placement des capitaux d\u2019institutions de pr\u00e9voyance (FWI) d\u00e9cline toute responsabilit\u00e9 en cas de pertes ou de dommages, qu\u2019il s\u2019agisse de dommages directs, indirects ou cons\u00e9cutifs, r\u00e9sultant d\u2019une transmission erron\u00e9e du bulletin de souscription\/rachat. Sur demande, [&hellip;]<\/p>\n","protected":false},"author":1,"featured_media":0,"parent":0,"menu_order":0,"comment_status":"closed","ping_status":"closed","template":"","meta":{"inline_featured_image":false},"acf":[],"_links":{"self":[{"href":"https:\/\/awi-anlagestiftung.ch\/fr\/wp-json\/wp\/v2\/pages\/272"}],"collection":[{"href":"https:\/\/awi-anlagestiftung.ch\/fr\/wp-json\/wp\/v2\/pages"}],"about":[{"href":"https:\/\/awi-anlagestiftung.ch\/fr\/wp-json\/wp\/v2\/types\/page"}],"author":[{"embeddable":true,"href":"https:\/\/awi-anlagestiftung.ch\/fr\/wp-json\/wp\/v2\/users\/1"}],"replies":[{"embeddable":true,"href":"https:\/\/awi-anlagestiftung.ch\/fr\/wp-json\/wp\/v2\/comments?post=272"}],"version-history":[{"count":50,"href":"https:\/\/awi-anlagestiftung.ch\/fr\/wp-json\/wp\/v2\/pages\/272\/revisions"}],"predecessor-version":[{"id":26549,"href":"https:\/\/awi-anlagestiftung.ch\/fr\/wp-json\/wp\/v2\/pages\/272\/revisions\/26549"}],"wp:attachment":[{"href":"https:\/\/awi-anlagestiftung.ch\/fr\/wp-json\/wp\/v2\/media?parent=272"}],"curies":[{"name":"wp","href":"https:\/\/api.w.org\/{rel}","templated":true}]}}