{"id":266,"date":"2019-06-10T13:46:25","date_gmt":"2019-06-10T11:46:25","guid":{"rendered":"http:\/\/awi-anlagestiftung.test\/?page_id=266"},"modified":"2026-03-31T07:59:59","modified_gmt":"2026-03-31T05:59:59","slug":"contact","status":"publish","type":"page","link":"https:\/\/awi-anlagestiftung.ch\/fr\/contact\/","title":{"rendered":"Contact"},"content":{"rendered":"\n<h1 class=\"has-text-align-center\">Vos interlocuteurs<\/h1>\n\n\n\n<p class=\"has-text-align-center\" style=\"font-size:18px\">N&rsquo;h\u00e9sitez pas \u00e0 nous contacter, nous sommes \u00e0 votre disposition \u00e0 tout moment. <br>FWI \u2013 R\u00e9aliser davantage ensemble!<\/p>\n\n\n\n<p><\/p>\n\n\n\n<div style=\"height:120px\" aria-hidden=\"true\" class=\"wp-block-spacer\"><\/div>\n\n\n\n<div class=\"contacts \">\n  <div class=\"contacts__items\">\n          <div class=\"contacts__item\">\n\n        <div class=\"contact\" data-aos=\"fade-in\">\n          <img loading=\"lazy\" src=\"https:\/\/awi-anlagestiftung.ch\/wp-content\/uploads\/Zuppiger_Michael-488x648-c-default.jpg\" alt=\"\" class=\"contact__photo\" width=\"244\" height=\"324\" \/>\n          <div class=\"contact__main\">\n            <h2 class=\"contact__name\">Michael Zuppiger<\/h2>\n            <div class=\"contact__description\">Directeur<\/div>\n          <\/div>\n          <div class=\"contact__meta\">\n            <div class=\"contact__phone\">+41 (0)52 202 01 71<\/div>\n            <div class=\"contact__email\"><a href=\"mailto:michael.zuppiger@fwi-fondation.ch\">E-Mail<\/a><\/div>\n          <\/div>\n        <\/div>\n\n      <\/div>\n          <div class=\"contacts__item\">\n\n        <div class=\"contact\" data-aos=\"fade-in\">\n          <img loading=\"lazy\" src=\"https:\/\/awi-anlagestiftung.ch\/wp-content\/uploads\/Bruegger_Urs-488x648-c-default.jpg\" alt=\"\" class=\"contact__photo\" width=\"244\" height=\"324\" \/>\n          <div class=\"contact__main\">\n            <h2 class=\"contact__name\">Urs Br\u00fcgger<\/h2>\n            <div class=\"contact__description\">Directeur<\/div>\n          <\/div>\n          <div class=\"contact__meta\">\n            <div class=\"contact__phone\">+41 (0)52 202 01 51<\/div>\n            <div class=\"contact__email\"><a href=\"mailto:urs.bruegger@fwi-fondation.ch\">E-Mail<\/a><\/div>\n          <\/div>\n        <\/div>\n\n      <\/div>\n      <\/div>\n<\/div>\n\n\n\n<div style=\"height:100px\" aria-hidden=\"true\" class=\"wp-block-spacer\"><\/div>\n\n\n<div class=\"company alignwide\">\n  <div class=\"company__main\">\n    <div class=\"company__box\" data-aos=\"fade-up\" data-aos-delay=\"150\" data-aos-duration=\"1400\">\n      <h2 class=\"company__title\">Fondation de placement Winterthur FWI<\/h2>\n      <div class=\"company__text\"><p>Bahnhofplatz 8<br \/>\n8400 Winterthur<br \/>\nSuisse<\/p>\n<p>T\u00e9l. +41 (0)52 202 02 30<br \/>\nFax +41 (0)52 202 02 40<\/p>\n<p><a href=\"mailto:fwi@fwi-fondation.ch\" target=\"_blank\" rel=\"noopener\">E-mail en g\u00e9n\u00e9ral<\/a><br \/>\n<a href=\"mailto:tradingdesk@fwi-fondation.ch\">E-mail transaction<\/a><\/p>\n<\/div>\n    <\/div>\n    <img src=\"https:\/\/awi-anlagestiftung.ch\/wp-content\/uploads\/AWI_Standort_draft-605x477-c-default.jpg\" class=\"company__image\" alt=\"\" data-aos=\"fade-in\" \/>\n  <\/div>\n<\/div>\n","protected":false},"excerpt":{"rendered":"<p>Vos interlocuteurs N&rsquo;h\u00e9sitez pas \u00e0 nous contacter, nous sommes \u00e0 votre disposition \u00e0 tout moment. FWI \u2013 R\u00e9aliser davantage ensemble!<\/p>\n","protected":false},"author":1,"featured_media":0,"parent":0,"menu_order":0,"comment_status":"closed","ping_status":"closed","template":"","meta":{"inline_featured_image":false},"acf":[],"_links":{"self":[{"href":"https:\/\/awi-anlagestiftung.ch\/fr\/wp-json\/wp\/v2\/pages\/266"}],"collection":[{"href":"https:\/\/awi-anlagestiftung.ch\/fr\/wp-json\/wp\/v2\/pages"}],"about":[{"href":"https:\/\/awi-anlagestiftung.ch\/fr\/wp-json\/wp\/v2\/types\/page"}],"author":[{"embeddable":true,"href":"https:\/\/awi-anlagestiftung.ch\/fr\/wp-json\/wp\/v2\/users\/1"}],"replies":[{"embeddable":true,"href":"https:\/\/awi-anlagestiftung.ch\/fr\/wp-json\/wp\/v2\/comments?post=266"}],"version-history":[{"count":30,"href":"https:\/\/awi-anlagestiftung.ch\/fr\/wp-json\/wp\/v2\/pages\/266\/revisions"}],"predecessor-version":[{"id":28261,"href":"https:\/\/awi-anlagestiftung.ch\/fr\/wp-json\/wp\/v2\/pages\/266\/revisions\/28261"}],"wp:attachment":[{"href":"https:\/\/awi-anlagestiftung.ch\/fr\/wp-json\/wp\/v2\/media?parent=266"}],"curies":[{"name":"wp","href":"https:\/\/api.w.org\/{rel}","templated":true}]}}