{"id":264,"date":"2019-06-10T13:47:22","date_gmt":"2019-06-10T11:47:22","guid":{"rendered":"http:\/\/awi-anlagestiftung.test\/?page_id=264"},"modified":"2019-07-18T11:07:51","modified_gmt":"2019-07-18T09:07:51","slug":"mention-dimpression","status":"publish","type":"page","link":"https:\/\/awi-anlagestiftung.ch\/fr\/mention-dimpression\/","title":{"rendered":"Mention d\u2019impression"},"content":{"rendered":"\n<h2>Mention d\u2019impression<\/h2>\n\n\n\n<p>Fondation Winterthur pour le placement des capitaux d&rsquo;institutions de pr\u00e9voyance FWI<\/p>\n\n\n\n<p> <strong>Bureaux<\/strong>: <br> Bahnhofplatz 8, CH-8400 Winterthur<br> T\u00e9l\u00e9phone: +41 (0)52 202 02 30<br> Fax: +41 (0)52 202 02 40<br> Internet: <a href=\"http:\/\/www.fwi-fondation.ch\/\">www.fwi-fondation.ch<\/a>  <\/p>\n\n\n\n<p><strong>Clause de responsabilit\u00e9:<\/strong> <br>Malgr\u00e9 toutes les pr\u00e9cautions prises, nous n\u2019assumons aucune responsabilit\u00e9 concernant le contenu des liens externes. Seuls les \u00e9diteurs de ces sites pourront \u00eatre tenus responsables de leurs contenus. <\/p>\n\n\n\n<p><strong>\u00c9diteur:<br><\/strong>Fondation de placement Winterthur FWI, au 01.07.2007<\/p>\n\n\n\n<p>aux mentions l\u00e9gales et conditions d&rsquo;utilisation<\/p>\n\n\n\n<div style=\"height:100px\" aria-hidden=\"true\" class=\"wp-block-spacer\"><\/div>\n\n\n\n<hr class=\"wp-block-separator\"\/>\n\n\n\n<div style=\"height:20px\" aria-hidden=\"true\" class=\"wp-block-spacer\"><\/div>\n\n\n\n<p style=\"color:#ee0062\" class=\"has-text-color has-small-font-size\"><strong>Branding \/ Webdesign: MAGMA Interactive GmbH | <a rel=\"noreferrer noopener\" href=\"https:\/\/magma.li\/\" target=\"_blank\">magma.li<\/a><\/strong><br><strong>D\u00e9veloppement: A45 Digital | <a rel=\"noreferrer noopener\" href=\"https:\/\/www.a45.li\/\" target=\"_blank\">a45.li<\/a><\/strong><\/p>\n","protected":false},"excerpt":{"rendered":"<p>Mention d\u2019impression Fondation Winterthur pour le placement des capitaux d&rsquo;institutions de pr\u00e9voyance FWI Bureaux: Bahnhofplatz 8, CH-8400 Winterthur T\u00e9l\u00e9phone: +41 (0)52 202 02 30 Fax: +41 (0)52 202 02 40 Internet: www.fwi-fondation.ch Clause de responsabilit\u00e9: Malgr\u00e9 toutes les pr\u00e9cautions prises, nous n\u2019assumons aucune responsabilit\u00e9 concernant le contenu des liens externes. Seuls les \u00e9diteurs de ces [&hellip;]<\/p>\n","protected":false},"author":1,"featured_media":0,"parent":0,"menu_order":0,"comment_status":"closed","ping_status":"closed","template":"","meta":{"inline_featured_image":false},"acf":[],"_links":{"self":[{"href":"https:\/\/awi-anlagestiftung.ch\/fr\/wp-json\/wp\/v2\/pages\/264"}],"collection":[{"href":"https:\/\/awi-anlagestiftung.ch\/fr\/wp-json\/wp\/v2\/pages"}],"about":[{"href":"https:\/\/awi-anlagestiftung.ch\/fr\/wp-json\/wp\/v2\/types\/page"}],"author":[{"embeddable":true,"href":"https:\/\/awi-anlagestiftung.ch\/fr\/wp-json\/wp\/v2\/users\/1"}],"replies":[{"embeddable":true,"href":"https:\/\/awi-anlagestiftung.ch\/fr\/wp-json\/wp\/v2\/comments?post=264"}],"version-history":[{"count":9,"href":"https:\/\/awi-anlagestiftung.ch\/fr\/wp-json\/wp\/v2\/pages\/264\/revisions"}],"predecessor-version":[{"id":1481,"href":"https:\/\/awi-anlagestiftung.ch\/fr\/wp-json\/wp\/v2\/pages\/264\/revisions\/1481"}],"wp:attachment":[{"href":"https:\/\/awi-anlagestiftung.ch\/fr\/wp-json\/wp\/v2\/media?parent=264"}],"curies":[{"name":"wp","href":"https:\/\/api.w.org\/{rel}","templated":true}]}}