{"id":262,"date":"2019-06-10T13:46:14","date_gmt":"2019-06-10T11:46:14","guid":{"rendered":"http:\/\/awi-anlagestiftung.test\/?page_id=262"},"modified":"2026-04-23T11:55:48","modified_gmt":"2026-04-23T09:55:48","slug":"downloads","status":"publish","type":"page","link":"https:\/\/awi-anlagestiftung.ch\/fr\/downloads\/","title":{"rendered":"Downloads"},"content":{"rendered":"\n<h1 class=\"has-text-align-center\">Downloads<\/h1>\n\n\n\n<p class=\"has-text-align-center\" style=\"font-size:18px\">Dans la liste suivante, vous trouverez tous les documents importants sur la Fondation de placement FWI et ses groupes de placement. Pour les documents ant\u00e9rieurs, veuillez nous contacter.<\/p>\n\n\n\n<div style=\"height:150px\" aria-hidden=\"true\" class=\"wp-block-spacer\"><\/div>\n\n\n\n<h2 class=\"has-text-align-left alignwide\">Informations g\u00e9n\u00e9rales sur la Fondation de placement FWI<\/h2>\n\n\n<div class=\"downloads alignwide\">\n  <div class=\"downloads__items\">\n          <div class=\"downloads__item\">\n        <a href=\"https:\/\/awi-anlagestiftung.ch\/wp-content\/uploads\/FWI_Statuts_052020-1.pdf\" class=\"download\" target=\"_blank\">\n          <img src=\"\/wp-content\/themes\/awi\/src\/img\/download-pdf.svg\" class=\"download__icon\" alt=\"\" \/>\n          <div class=\"download__content\">\n            <div class=\"download__main\">\n              <div class=\"download__title\"><span class=\"download__title__text\">Statuts<\/span><img src=\"\/wp-content\/themes\/awi\/src\/img\/download-arrow.svg\" alt=\"\" class=\"download__arrow\" \/><\/div>\n            <\/div>\n            <div class=\"download__size\">0.28 MB<\/div>\n          <\/div>\n        <\/a>\n      <\/div>\n          <div class=\"downloads__item\">\n        <a href=\"https:\/\/awi-anlagestiftung.ch\/wp-content\/uploads\/FWI-Proces-verbal-assemblee-ordinaire-des-investisseurs-2025.pdf\" class=\"download\" target=\"_blank\">\n          <img src=\"\/wp-content\/themes\/awi\/src\/img\/download-pdf.svg\" class=\"download__icon\" alt=\"\" \/>\n          <div class=\"download__content\">\n            <div class=\"download__main\">\n              <div class=\"download__title\"><span class=\"download__title__text\">FWI Proc\u00e8s-verbal assembl\u00e9e ordinaire des investisseurs<\/span><img src=\"\/wp-content\/themes\/awi\/src\/img\/download-arrow.svg\" alt=\"\" class=\"download__arrow\" \/><\/div>\n            <\/div>\n            <div class=\"download__size\">0.27 MB<\/div>\n          <\/div>\n        <\/a>\n      <\/div>\n          <div class=\"downloads__item\">\n        <a href=\"https:\/\/awi-anlagestiftung.ch\/wp-content\/uploads\/FWI_Reglement-de-la-fondation_052020.pdf\" class=\"download\" target=\"_blank\">\n          <img src=\"\/wp-content\/themes\/awi\/src\/img\/download-pdf.svg\" class=\"download__icon\" alt=\"\" \/>\n          <div class=\"download__content\">\n            <div class=\"download__main\">\n              <div class=\"download__title\"><span class=\"download__title__text\">R\u00e8glement de fondation<\/span><img src=\"\/wp-content\/themes\/awi\/src\/img\/download-arrow.svg\" alt=\"\" class=\"download__arrow\" \/><\/div>\n            <\/div>\n            <div class=\"download__size\">0.35 MB<\/div>\n          <\/div>\n        <\/a>\n      <\/div>\n          <div class=\"downloads__item\">\n        <a href=\"https:\/\/awi-anlagestiftung.ch\/wp-content\/uploads\/RA_FWI_2025.12.31_FR_AWI_Final-1.pdf\" class=\"download\" target=\"_blank\">\n          <img src=\"\/wp-content\/themes\/awi\/src\/img\/download-pdf.svg\" class=\"download__icon\" alt=\"\" \/>\n          <div class=\"download__content\">\n            <div class=\"download__main\">\n              <div class=\"download__title\"><span class=\"download__title__text\">Rapport annuel 2025<\/span><img src=\"\/wp-content\/themes\/awi\/src\/img\/download-arrow.svg\" alt=\"\" class=\"download__arrow\" \/><\/div>\n            <\/div>\n            <div class=\"download__size\">1.34 MB<\/div>\n          <\/div>\n        <\/a>\n      <\/div>\n          <div class=\"downloads__item\">\n        <a href=\"https:\/\/awi-anlagestiftung.ch\/wp-content\/uploads\/FWI_Declaration-dadhesion_31-08-23.pdf\" class=\"download\" target=\"_blank\">\n          <img src=\"\/wp-content\/themes\/awi\/src\/img\/download-pdf.svg\" class=\"download__icon\" alt=\"\" \/>\n          <div class=\"download__content\">\n            <div class=\"download__main\">\n              <div class=\"download__title\"><span class=\"download__title__text\">D\u00e9claration d&rsquo;adh\u00e9sion<\/span><img src=\"\/wp-content\/themes\/awi\/src\/img\/download-arrow.svg\" alt=\"\" class=\"download__arrow\" \/><\/div>\n            <\/div>\n            <div class=\"download__size\">0.23 MB<\/div>\n          <\/div>\n        <\/a>\n      <\/div>\n      <\/div>\n<\/div>\n\n\n\n<div style=\"height:30px\" aria-hidden=\"true\" class=\"wp-block-spacer\"><\/div>\n\n\n\n<p class=\"alignwide has-small-font-size\">En cas de contestation la version originale en langue allemande fait foi.<br>Souhaitez-vous recevoir les publications des ann\u00e9es pr\u00e9c\u00e9dentes ? Prenez <a href=\"https:\/\/awi-anlagestiftung.ch\/fr\/contact\/\">contact<\/a> avec nous.<\/p>\n\n\n\n<div style=\"height:70px\" aria-hidden=\"true\" class=\"wp-block-spacer\"><\/div>\n\n\n\n<h2 class=\"alignwide\">Informations g\u00e9n\u00e9rales sur les groupes de placement<\/h2>\n\n\n<div class=\"downloads alignwide\">\n  <div class=\"downloads__items\">\n          <div class=\"downloads__item\">\n        <a href=\"https:\/\/awi-anlagestiftung.ch\/wp-content\/uploads\/FWI_Evaluation-de-droits_03.2026.pdf\" class=\"download\" target=\"_blank\">\n          <img src=\"\/wp-content\/themes\/awi\/src\/img\/download-pdf.svg\" class=\"download__icon\" alt=\"\" \/>\n          <div class=\"download__content\">\n            <div class=\"download__main\">\n              <div class=\"download__title\"><span class=\"download__title__text\">Evaluation de droits 31.03.2026<\/span><img src=\"\/wp-content\/themes\/awi\/src\/img\/download-arrow.svg\" alt=\"\" class=\"download__arrow\" \/><\/div>\n            <\/div>\n            <div class=\"download__size\">0.2 MB<\/div>\n          <\/div>\n        <\/a>\n      <\/div>\n          <div class=\"downloads__item\">\n        <a href=\"https:\/\/awi-anlagestiftung.ch\/wp-content\/uploads\/Rapport-trimestriel_FWI_2025.12.pdf\" class=\"download\" target=\"_blank\">\n          <img src=\"\/wp-content\/themes\/awi\/src\/img\/download-pdf.svg\" class=\"download__icon\" alt=\"\" \/>\n          <div class=\"download__content\">\n            <div class=\"download__main\">\n              <div class=\"download__title\"><span class=\"download__title__text\">FWI Rapport trimestriel 31.12.2025<\/span><img src=\"\/wp-content\/themes\/awi\/src\/img\/download-arrow.svg\" alt=\"\" class=\"download__arrow\" \/><\/div>\n            <\/div>\n            <div class=\"download__size\">3.54 MB<\/div>\n          <\/div>\n        <\/a>\n      <\/div>\n          <div class=\"downloads__item\">\n        <a href=\"https:\/\/awi-anlagestiftung.ch\/wp-content\/uploads\/FWI_Directives-de-placement_actif-indexes-alternatif_022026.pdf\" class=\"download\" target=\"_blank\">\n          <img src=\"\/wp-content\/themes\/awi\/src\/img\/download-pdf.svg\" class=\"download__icon\" alt=\"\" \/>\n          <div class=\"download__content\">\n            <div class=\"download__main\">\n              <div class=\"download__title\"><span class=\"download__title__text\">Directives de placement Groupes de placement g\u00e9r\u00e9s activement, index\u00e9s et alternatifs<\/span><img src=\"\/wp-content\/themes\/awi\/src\/img\/download-arrow.svg\" alt=\"\" class=\"download__arrow\" \/><\/div>\n            <\/div>\n            <div class=\"download__size\">0.37 MB<\/div>\n          <\/div>\n        <\/a>\n      <\/div>\n          <div class=\"downloads__item\">\n        <a href=\"https:\/\/awi-anlagestiftung.ch\/wp-content\/uploads\/FWI_Information_Indices_r\u00e9f\u00e9rence_012022.pdf\" class=\"download\" target=\"_blank\">\n          <img src=\"\/wp-content\/themes\/awi\/src\/img\/download-pdf.svg\" class=\"download__icon\" alt=\"\" \/>\n          <div class=\"download__content\">\n            <div class=\"download__main\">\n              <div class=\"download__title\"><span class=\"download__title__text\">Information Indices r\u00e9f\u00e9rence<\/span><img src=\"\/wp-content\/themes\/awi\/src\/img\/download-arrow.svg\" alt=\"\" class=\"download__arrow\" \/><\/div>\n            <\/div>\n            <div class=\"download__size\">0.08 MB<\/div>\n          <\/div>\n        <\/a>\n      <\/div>\n          <div class=\"downloads__item\">\n        <a href=\"https:\/\/awi-anlagestiftung.ch\/wp-content\/uploads\/FWI_Demande-de-transaction_25-09-05.pdf\" class=\"download\" target=\"_blank\">\n          <img src=\"\/wp-content\/themes\/awi\/src\/img\/download-pdf.svg\" class=\"download__icon\" alt=\"\" \/>\n          <div class=\"download__content\">\n            <div class=\"download__main\">\n              <div class=\"download__title\"><span class=\"download__title__text\">Demande de transaction<\/span><img src=\"\/wp-content\/themes\/awi\/src\/img\/download-arrow.svg\" alt=\"\" class=\"download__arrow\" \/><\/div>\n            <\/div>\n            <div class=\"download__size\">0.08 MB<\/div>\n          <\/div>\n        <\/a>\n      <\/div>\n          <div class=\"downloads__item\">\n        <a href=\"https:\/\/awi-anlagestiftung.ch\/wp-content\/uploads\/FWI_Investir-durablement_012023.pdf\" class=\"download\" target=\"_blank\">\n          <img src=\"\/wp-content\/themes\/awi\/src\/img\/download-pdf.svg\" class=\"download__icon\" alt=\"\" \/>\n          <div class=\"download__content\">\n            <div class=\"download__main\">\n              <div class=\"download__title\"><span class=\"download__title__text\">Investir durablement avec la Fondation de placement FWI<\/span><img src=\"\/wp-content\/themes\/awi\/src\/img\/download-arrow.svg\" alt=\"\" class=\"download__arrow\" \/><\/div>\n            <\/div>\n            <div class=\"download__size\">0.32 MB<\/div>\n          <\/div>\n        <\/a>\n      <\/div>\n      <\/div>\n<\/div>\n\n\n\n<div style=\"height:70px\" aria-hidden=\"true\" class=\"wp-block-spacer\"><\/div>\n\n\n\n<h2 class=\"alignwide\">Groupes de placement actifs &amp; index\u00e9s<\/h2>\n\n\n<div class=\"downloads alignwide\">\n  <div class=\"downloads__items\">\n          <div class=\"downloads__item\">\n        <a href=\"https:\/\/awi-anlagestiftung.ch\/wp-content\/uploads\/FWI_Reglement-tarifaire_Actif-Indexes_2026_02.pdf\" class=\"download\" target=\"_blank\">\n          <img src=\"\/wp-content\/themes\/awi\/src\/img\/download-pdf.svg\" class=\"download__icon\" alt=\"\" \/>\n          <div class=\"download__content\">\n            <div class=\"download__main\">\n              <div class=\"download__title\"><span class=\"download__title__text\">R\u00e8glement tarifaire Actif &#038; Ind\u00e9xes<\/span><img src=\"\/wp-content\/themes\/awi\/src\/img\/download-arrow.svg\" alt=\"\" class=\"download__arrow\" \/><\/div>\n            <\/div>\n            <div class=\"download__size\">0.33 MB<\/div>\n          <\/div>\n        <\/a>\n      <\/div>\n          <div class=\"downloads__item\">\n        <a href=\"https:\/\/awi-anlagestiftung.ch\/wp-content\/uploads\/20251231_2408_FWI-LPP-25-andante_Rapport-trimestriel-LLP-1.pdf\" class=\"download\" target=\"_blank\">\n          <img src=\"\/wp-content\/themes\/awi\/src\/img\/download-pdf.svg\" class=\"download__icon\" alt=\"\" \/>\n          <div class=\"download__content\">\n            <div class=\"download__main\">\n              <div class=\"download__title\"><span class=\"download__title__text\">FWI LPP 25 andante Rapport trimestriel 31.12.2025<\/span><img src=\"\/wp-content\/themes\/awi\/src\/img\/download-arrow.svg\" alt=\"\" class=\"download__arrow\" \/><\/div>\n            <\/div>\n            <div class=\"download__size\">0.24 MB<\/div>\n          <\/div>\n        <\/a>\n      <\/div>\n          <div class=\"downloads__item\">\n        <a href=\"https:\/\/awi-anlagestiftung.ch\/wp-content\/uploads\/20251231_2409_FWI-LPP-35-allegro_Rapport-trimestriel-LLP.pdf\" class=\"download\" target=\"_blank\">\n          <img src=\"\/wp-content\/themes\/awi\/src\/img\/download-pdf.svg\" class=\"download__icon\" alt=\"\" \/>\n          <div class=\"download__content\">\n            <div class=\"download__main\">\n              <div class=\"download__title\"><span class=\"download__title__text\">FWI LPP 35 allegro Rapport trimestriel 31.12.2025<\/span><img src=\"\/wp-content\/themes\/awi\/src\/img\/download-arrow.svg\" alt=\"\" class=\"download__arrow\" \/><\/div>\n            <\/div>\n            <div class=\"download__size\">0.24 MB<\/div>\n          <\/div>\n        <\/a>\n      <\/div>\n          <div class=\"downloads__item\">\n        <a href=\"https:\/\/awi-anlagestiftung.ch\/wp-content\/uploads\/20251231_2410_FWI-LPP-45-vivace_Rapport-trimestriel-LLP.pdf\" class=\"download\" target=\"_blank\">\n          <img src=\"\/wp-content\/themes\/awi\/src\/img\/download-pdf.svg\" class=\"download__icon\" alt=\"\" \/>\n          <div class=\"download__content\">\n            <div class=\"download__main\">\n              <div class=\"download__title\"><span class=\"download__title__text\">FWI LPP 45 vivace Rapport trimestriel 31.12.2025<\/span><img src=\"\/wp-content\/themes\/awi\/src\/img\/download-arrow.svg\" alt=\"\" class=\"download__arrow\" \/><\/div>\n            <\/div>\n            <div class=\"download__size\">0.24 MB<\/div>\n          <\/div>\n        <\/a>\n      <\/div>\n      <\/div>\n<\/div>\n\n\n\n<div style=\"height:70px\" aria-hidden=\"true\" class=\"wp-block-spacer\"><\/div>\n\n\n\n<h2 class=\"alignwide\">Groupes de placement immobiliers<\/h2>\n\n\n<div class=\"downloads alignwide\">\n  <div class=\"downloads__items\">\n          <div class=\"downloads__item\">\n        <a href=\"https:\/\/awi-anlagestiftung.ch\/wp-content\/uploads\/FWI_Reglement-tarifaire_Immobiliers_2017_07-08.11.22.pdf\" class=\"download\" target=\"_blank\">\n          <img src=\"\/wp-content\/themes\/awi\/src\/img\/download-pdf.svg\" class=\"download__icon\" alt=\"\" \/>\n          <div class=\"download__content\">\n            <div class=\"download__main\">\n              <div class=\"download__title\"><span class=\"download__title__text\">R\u00e8glement tarifaire Immobiliers<\/span><img src=\"\/wp-content\/themes\/awi\/src\/img\/download-arrow.svg\" alt=\"\" class=\"download__arrow\" \/><\/div>\n            <\/div>\n            <div class=\"download__size\">0.27 MB<\/div>\n          <\/div>\n        <\/a>\n      <\/div>\n          <div class=\"downloads__item\">\n        <a href=\"https:\/\/awi-anlagestiftung.ch\/wp-content\/uploads\/FWI_Prospectus_Immobilier-Suisse-Indirect_112021.pdf\" class=\"download\" target=\"_blank\">\n          <img src=\"\/wp-content\/themes\/awi\/src\/img\/download-pdf.svg\" class=\"download__icon\" alt=\"\" \/>\n          <div class=\"download__content\">\n            <div class=\"download__main\">\n              <div class=\"download__title\"><span class=\"download__title__text\">Prospectus FWI Immobilier Suisse Indirect<\/span><img src=\"\/wp-content\/themes\/awi\/src\/img\/download-arrow.svg\" alt=\"\" class=\"download__arrow\" \/><\/div>\n            <\/div>\n            <div class=\"download__size\">0.36 MB<\/div>\n          <\/div>\n        <\/a>\n      <\/div>\n          <div class=\"downloads__item\">\n        <a href=\"https:\/\/awi-anlagestiftung.ch\/wp-content\/uploads\/FWI_Prospectus_Immobilier-Suisse_082021.pdf\" class=\"download\" target=\"_blank\">\n          <img src=\"\/wp-content\/themes\/awi\/src\/img\/download-pdf.svg\" class=\"download__icon\" alt=\"\" \/>\n          <div class=\"download__content\">\n            <div class=\"download__main\">\n              <div class=\"download__title\"><span class=\"download__title__text\">Prospectus FWI Immobilier Suisse<\/span><img src=\"\/wp-content\/themes\/awi\/src\/img\/download-arrow.svg\" alt=\"\" class=\"download__arrow\" \/><\/div>\n            <\/div>\n            <div class=\"download__size\">0.3 MB<\/div>\n          <\/div>\n        <\/a>\n      <\/div>\n          <div class=\"downloads__item\">\n        <a href=\"https:\/\/awi-anlagestiftung.ch\/wp-content\/uploads\/FWI_Directives-de-placement_Immobiliers_082020.pdf\" class=\"download\" target=\"_blank\">\n          <img src=\"\/wp-content\/themes\/awi\/src\/img\/download-pdf.svg\" class=\"download__icon\" alt=\"\" \/>\n          <div class=\"download__content\">\n            <div class=\"download__main\">\n              <div class=\"download__title\"><span class=\"download__title__text\">Directives de placement Immobiliers<\/span><img src=\"\/wp-content\/themes\/awi\/src\/img\/download-arrow.svg\" alt=\"\" class=\"download__arrow\" \/><\/div>\n            <\/div>\n            <div class=\"download__size\">0.29 MB<\/div>\n          <\/div>\n        <\/a>\n      <\/div>\n      <\/div>\n<\/div>\n\n\n\n<div style=\"height:30px\" aria-hidden=\"true\" class=\"wp-block-spacer\"><\/div>\n\n\n\n<p class=\"alignwide has-small-font-size\">En cas de contestation la version originale en langue allemande fait foi.<\/p>\n\n\n\n<div style=\"height:30px\" aria-hidden=\"true\" class=\"wp-block-spacer\"><\/div>\n\n\n\n<h2 class=\"has-text-align-left alignwide\">Groupes de placement alternatifs<\/h2>\n\n\n<div class=\"downloads alignwide\">\n  <div class=\"downloads__items\">\n          <div class=\"downloads__item\">\n        <a href=\"https:\/\/awi-anlagestiftung.ch\/wp-content\/uploads\/FWI_Reglement-tarifaire_Alternatif_2023_01.pdf\" class=\"download\" target=\"_blank\">\n          <img src=\"\/wp-content\/themes\/awi\/src\/img\/download-pdf.svg\" class=\"download__icon\" alt=\"\" \/>\n          <div class=\"download__content\">\n            <div class=\"download__main\">\n              <div class=\"download__title\"><span class=\"download__title__text\">R\u00e8glement tarifaire alternatif<\/span><img src=\"\/wp-content\/themes\/awi\/src\/img\/download-arrow.svg\" alt=\"\" class=\"download__arrow\" \/><\/div>\n            <\/div>\n            <div class=\"download__size\">0.33 MB<\/div>\n          <\/div>\n        <\/a>\n      <\/div>\n          <div class=\"downloads__item\">\n        <a href=\"https:\/\/awi-anlagestiftung.ch\/wp-content\/uploads\/FWI_Calendrier-de-negoce_2026.pdf\" class=\"download\" target=\"_blank\">\n          <img src=\"\/wp-content\/themes\/awi\/src\/img\/download-pdf.svg\" class=\"download__icon\" alt=\"\" \/>\n          <div class=\"download__content\">\n            <div class=\"download__main\">\n              <div class=\"download__title\"><span class=\"download__title__text\">Calendrier de n\u00e9goce 2026 &#8211; FWI Insurance Linked Strategies<\/span><img src=\"\/wp-content\/themes\/awi\/src\/img\/download-arrow.svg\" alt=\"\" class=\"download__arrow\" \/><\/div>\n            <\/div>\n            <div class=\"download__size\">0.19 MB<\/div>\n          <\/div>\n        <\/a>\n      <\/div>\n          <div class=\"downloads__item\">\n        <a href=\"https:\/\/awi-anlagestiftung.ch\/wp-content\/uploads\/FWI_Calendrier-de-negoce-IDE_2026-1.pdf\" class=\"download\" target=\"_blank\">\n          <img src=\"\/wp-content\/themes\/awi\/src\/img\/download-pdf.svg\" class=\"download__icon\" alt=\"\" \/>\n          <div class=\"download__content\">\n            <div class=\"download__main\">\n              <div class=\"download__title\"><span class=\"download__title__text\">Calendrier de n\u00e9goce 2026 &#8211; FWI Insurance Debt Europe Hedged CHF<\/span><img src=\"\/wp-content\/themes\/awi\/src\/img\/download-arrow.svg\" alt=\"\" class=\"download__arrow\" \/><\/div>\n            <\/div>\n            <div class=\"download__size\">0.16 MB<\/div>\n          <\/div>\n        <\/a>\n      <\/div>\n          <div class=\"downloads__item\">\n        <a href=\"https:\/\/awi-anlagestiftung.ch\/wp-content\/uploads\/FWI_Prospectus_Insurance-Linked-Strategies_012022.pdf\" class=\"download\" target=\"_blank\">\n          <img src=\"\/wp-content\/themes\/awi\/src\/img\/download-pdf.svg\" class=\"download__icon\" alt=\"\" \/>\n          <div class=\"download__content\">\n            <div class=\"download__main\">\n              <div class=\"download__title\"><span class=\"download__title__text\">Prospectus FWI Insurance Linked Strategies<\/span><img src=\"\/wp-content\/themes\/awi\/src\/img\/download-arrow.svg\" alt=\"\" class=\"download__arrow\" \/><\/div>\n            <\/div>\n            <div class=\"download__size\">0.73 MB<\/div>\n          <\/div>\n        <\/a>\n      <\/div>\n          <div class=\"downloads__item\">\n        <a href=\"https:\/\/awi-anlagestiftung.ch\/wp-content\/uploads\/FWI_Prospectus_Prets-aux-PME-CHF_122024.pdf\" class=\"download\" target=\"_blank\">\n          <img src=\"\/wp-content\/themes\/awi\/src\/img\/download-pdf.svg\" class=\"download__icon\" alt=\"\" \/>\n          <div class=\"download__content\">\n            <div class=\"download__main\">\n              <div class=\"download__title\"><span class=\"download__title__text\">Prospectus FWI Prets aux PME CHF<\/span><img src=\"\/wp-content\/themes\/awi\/src\/img\/download-arrow.svg\" alt=\"\" class=\"download__arrow\" \/><\/div>\n            <\/div>\n            <div class=\"download__size\">0.33 MB<\/div>\n          <\/div>\n        <\/a>\n      <\/div>\n          <div class=\"downloads__item\">\n        <a href=\"https:\/\/awi-anlagestiftung.ch\/wp-content\/uploads\/FWI_Prospectus_Insurance-Debt-Europe-Hedged-CHF_072021.pdf\" class=\"download\" target=\"_blank\">\n          <img src=\"\/wp-content\/themes\/awi\/src\/img\/download-pdf.svg\" class=\"download__icon\" alt=\"\" \/>\n          <div class=\"download__content\">\n            <div class=\"download__main\">\n              <div class=\"download__title\"><span class=\"download__title__text\">Prospectus FWI Insurance Debt Europe Hedged CHF<\/span><img src=\"\/wp-content\/themes\/awi\/src\/img\/download-arrow.svg\" alt=\"\" class=\"download__arrow\" \/><\/div>\n            <\/div>\n            <div class=\"download__size\">0.42 MB<\/div>\n          <\/div>\n        <\/a>\n      <\/div>\n          <div class=\"downloads__item\">\n        <a href=\"https:\/\/awi-anlagestiftung.ch\/wp-content\/uploads\/FWI_Prospectus_Core-Plus-Infrastructure_022024-1.pdf\" class=\"download\" target=\"_blank\">\n          <img src=\"\/wp-content\/themes\/awi\/src\/img\/download-pdf.svg\" class=\"download__icon\" alt=\"\" \/>\n          <div class=\"download__content\">\n            <div class=\"download__main\">\n              <div class=\"download__title\"><span class=\"download__title__text\">Prospectus FWI Core Plus Infrastructure<\/span><img src=\"\/wp-content\/themes\/awi\/src\/img\/download-arrow.svg\" alt=\"\" class=\"download__arrow\" \/><\/div>\n            <\/div>\n            <div class=\"download__size\">0.57 MB<\/div>\n          <\/div>\n        <\/a>\n      <\/div>\n      <\/div>\n<\/div>\n\n\n\n<div style=\"height:30px\" aria-hidden=\"true\" class=\"wp-block-spacer\"><\/div>\n\n\n\n<p class=\"alignwide has-small-font-size\">En cas de contestation la version originale en langue allemande fait foi.<\/p>\n","protected":false},"excerpt":{"rendered":"<p>Downloads Dans la liste suivante, vous trouverez tous les documents importants sur la Fondation de placement FWI et ses groupes de placement. Pour les documents ant\u00e9rieurs, veuillez nous contacter. Informations g\u00e9n\u00e9rales sur la Fondation de placement FWI En cas de contestation la version originale en langue allemande fait foi.Souhaitez-vous recevoir les publications des ann\u00e9es pr\u00e9c\u00e9dentes [&hellip;]<\/p>\n","protected":false},"author":1,"featured_media":0,"parent":0,"menu_order":0,"comment_status":"closed","ping_status":"closed","template":"","meta":{"inline_featured_image":false},"acf":[],"_links":{"self":[{"href":"https:\/\/awi-anlagestiftung.ch\/fr\/wp-json\/wp\/v2\/pages\/262"}],"collection":[{"href":"https:\/\/awi-anlagestiftung.ch\/fr\/wp-json\/wp\/v2\/pages"}],"about":[{"href":"https:\/\/awi-anlagestiftung.ch\/fr\/wp-json\/wp\/v2\/types\/page"}],"author":[{"embeddable":true,"href":"https:\/\/awi-anlagestiftung.ch\/fr\/wp-json\/wp\/v2\/users\/1"}],"replies":[{"embeddable":true,"href":"https:\/\/awi-anlagestiftung.ch\/fr\/wp-json\/wp\/v2\/comments?post=262"}],"version-history":[{"count":742,"href":"https:\/\/awi-anlagestiftung.ch\/fr\/wp-json\/wp\/v2\/pages\/262\/revisions"}],"predecessor-version":[{"id":28492,"href":"https:\/\/awi-anlagestiftung.ch\/fr\/wp-json\/wp\/v2\/pages\/262\/revisions\/28492"}],"wp:attachment":[{"href":"https:\/\/awi-anlagestiftung.ch\/fr\/wp-json\/wp\/v2\/media?parent=262"}],"curies":[{"name":"wp","href":"https:\/\/api.w.org\/{rel}","templated":true}]}}