{"id":252,"date":"2019-06-10T10:29:57","date_gmt":"2019-06-10T08:29:57","guid":{"rendered":"http:\/\/awi-anlagestiftung.test\/?page_id=252"},"modified":"2025-09-16T15:58:51","modified_gmt":"2025-09-16T13:58:51","slug":"startseite","status":"publish","type":"page","link":"https:\/\/awi-anlagestiftung.ch\/fr\/","title":{"rendered":"Fondation de placement Winterthur"},"content":{"rendered":"\n<p class=\"has-text-align-center has-very-dark-gray-color has-text-color has-medium-font-size\">La Fondation Winterthur pour le placement des capitaux d\u2019institutions de pr\u00e9voyance (FWI) a \u00e9t\u00e9 cr\u00e9\u00e9e le 1er janvier 1984 par 14 caisses de pension, aux fins exclusives de placement collectif de capitaux de pr\u00e9voyance. Aujourd\u2019hui, elle compte quelque 170 investisseurs, qui remplissent les exigences r\u00e9glementaires.<\/p>\n\n\n\n<div style=\"height:75px\" aria-hidden=\"true\" class=\"wp-block-spacer\"><\/div>\n\n\n\n<h1 class=\"alignfull has-text-align-center has-very-dark-gray-color has-text-color\">Nos groupes de placement<\/h1>\n\n\n<div class=\"teasers  alignfull\">\n      <div class=\"teasers__item\" data-aos=\"fade-up\">\n      <a href=\"https:\/\/awi-anlagestiftung.ch\/fr\/groupes-de-placement\/#actifs\" class=\"teaser\">\n        <div class=\"teaser__main\">\n          <img src=\"https:\/\/awi-anlagestiftung.ch\/wp-content\/uploads\/teaser-aktive.svg\" class=\"teaser__icon\" alt=\"\" \/>\n          <h2 class=\"teaser__title\">Actifs<\/h2>\n          <div class=\"teaser__subtitle\">Groupes de placement<\/div>\n          <div class=\"teaser__text\">Les g\u00e9rants de fortune actifs sont s\u00e9lectionn\u00e9s d&rsquo;apr\u00e8s un processus professionnel. Informez-vous de vos avantages.<\/div>\n        <\/div>\n      <\/a>\n    <\/div>\n      <div class=\"teasers__item\" data-aos=\"fade-up\">\n      <a href=\"https:\/\/awi-anlagestiftung.ch\/fr\/groupes-de-placement\/#alternatifs\" class=\"teaser\">\n        <div class=\"teaser__main\">\n          <img src=\"https:\/\/awi-anlagestiftung.ch\/wp-content\/uploads\/teaser-alternative.svg\" class=\"teaser__icon\" alt=\"\" \/>\n          <h2 class=\"teaser__title\">Alternatifs<\/h2>\n          <div class=\"teaser__subtitle\">Groupes de placement<\/div>\n          <div class=\"teaser__text\">Vous savez que vous pouvez vous attendre \u00e0 plus, c&rsquo;est pourquoi vous trouverez ici la solution de placement id\u00e9ale.<\/div>\n        <\/div>\n      <\/a>\n    <\/div>\n      <div class=\"teasers__item\" data-aos=\"fade-up\">\n      <a href=\"https:\/\/awi-anlagestiftung.ch\/fr\/groupes-de-placement\/#immobiliers\" class=\"teaser\">\n        <div class=\"teaser__main\">\n          <img src=\"https:\/\/awi-anlagestiftung.ch\/wp-content\/uploads\/teaser-immobilien.svg\" class=\"teaser__icon\" alt=\"\" \/>\n          <h2 class=\"teaser__title\">Immobiliers<\/h2>\n          <div class=\"teaser__subtitle\">Groupes de placement<\/div>\n          <div class=\"teaser__text\">Vous profitez ici d&rsquo;investissements immobiliers sans travaux d&rsquo;administration et d&rsquo;entretien fastidieux.<\/div>\n        <\/div>\n      <\/a>\n    <\/div>\n      <div class=\"teasers__item\" data-aos=\"fade-up\">\n      <a href=\"https:\/\/awi-anlagestiftung.ch\/fr\/groupes-de-placement\/#indexes\" class=\"teaser\">\n        <div class=\"teaser__main\">\n          <img src=\"https:\/\/awi-anlagestiftung.ch\/wp-content\/uploads\/teaser-indexierte.svg\" class=\"teaser__icon\" alt=\"\" \/>\n          <h2 class=\"teaser__title\">Index\u00e9s<\/h2>\n          <div class=\"teaser__subtitle\">Groupes de placement<\/div>\n          <div class=\"teaser__text\">Mettre en \u0153uvre votre strat\u00e9gie d&rsquo;investissement bien diversifi\u00e9e ? Vous trouverez ici tout ce que vous devez savoir sur nos solutions de placement orient\u00e9es march\u00e9.<\/div>\n        <\/div>\n      <\/a>\n    <\/div>\n  <\/div>\n\n\n\n<div style=\"height:160px\" aria-hidden=\"true\" class=\"wp-block-spacer\"><\/div>\n\n\n<div class=\"cta alignwide\" data-aos=\"fade-up\">\n  <svg viewBox=\"0 0 48 49\" xmlns=\"http:\/\/www.w3.org\/2000\/svg\" class=\"cta__icon js-cta-bars\">\n    <g fill=\"none\" fill-rule=\"evenodd\">\n      <path d=\"M44.991.337c3.787 2.185 2.995 8.153 1.47 11.1L27.018 49h-7.216L44.992.337z\" fill=\"#818282\" class=\"cta__bar cta__bar--1\" \/>\n      <path d=\"M33 13L14.203 49H7l15.44-29.573C24.507 15.475 28.57 13 33 13\" fill=\"#818282\" class=\"cta__bar cta__bar--2\" \/>\n      <path d=\"M15 23L3.784 43 0 36.194l3.88-6.888C6.067 25.426 10.343 23 15 23\" fill=\"#818282\" class=\"cta__bar cta__bar--3\" \/>\n    <\/g>\n  <\/svg>\n  <div class=\"cta__est\">Depuis 1984<\/div>\n  <div class=\"cta__focus\">Votre partenaire pour<\/div>\n  <div class=\"cta__text\">les solutions de placement des caisses de pension pour<br> les caisses de pension<\/div>\n  <a href=\"https:\/\/awi-anlagestiftung.ch\/fr\/contact\/\" class=\"button js-button\"><span class=\"button__text\">Contactez-nous maintenant<\/span><\/a>\n<\/div>\n","protected":false},"excerpt":{"rendered":"<p>La Fondation Winterthur pour le placement des capitaux d\u2019institutions de pr\u00e9voyance (FWI) a \u00e9t\u00e9 cr\u00e9\u00e9e le 1er janvier 1984 par 14 caisses de pension, aux fins exclusives de placement collectif de capitaux de pr\u00e9voyance. Aujourd\u2019hui, elle compte quelque 170 investisseurs, qui remplissent les exigences r\u00e9glementaires. Nos groupes de placement<\/p>\n","protected":false},"author":1,"featured_media":0,"parent":0,"menu_order":0,"comment_status":"closed","ping_status":"closed","template":"","meta":{"inline_featured_image":false},"acf":[],"_links":{"self":[{"href":"https:\/\/awi-anlagestiftung.ch\/fr\/wp-json\/wp\/v2\/pages\/252"}],"collection":[{"href":"https:\/\/awi-anlagestiftung.ch\/fr\/wp-json\/wp\/v2\/pages"}],"about":[{"href":"https:\/\/awi-anlagestiftung.ch\/fr\/wp-json\/wp\/v2\/types\/page"}],"author":[{"embeddable":true,"href":"https:\/\/awi-anlagestiftung.ch\/fr\/wp-json\/wp\/v2\/users\/1"}],"replies":[{"embeddable":true,"href":"https:\/\/awi-anlagestiftung.ch\/fr\/wp-json\/wp\/v2\/comments?post=252"}],"version-history":[{"count":39,"href":"https:\/\/awi-anlagestiftung.ch\/fr\/wp-json\/wp\/v2\/pages\/252\/revisions"}],"predecessor-version":[{"id":26666,"href":"https:\/\/awi-anlagestiftung.ch\/fr\/wp-json\/wp\/v2\/pages\/252\/revisions\/26666"}],"wp:attachment":[{"href":"https:\/\/awi-anlagestiftung.ch\/fr\/wp-json\/wp\/v2\/media?parent=252"}],"curies":[{"name":"wp","href":"https:\/\/api.w.org\/{rel}","templated":true}]}}